{"id":1593,"date":"2026-04-29T11:22:56","date_gmt":"2026-04-29T11:22:56","guid":{"rendered":"https:\/\/minibustours.ch\/?page_id=1593"},"modified":"2026-04-30T11:55:36","modified_gmt":"2026-04-30T11:55:36","slug":"team","status":"publish","type":"page","link":"https:\/\/minibustours.ch\/de\/team\/","title":{"rendered":"Team"},"content":{"rendered":"\t\t<div data-elementor-type=\"wp-page\" data-elementor-id=\"1593\" class=\"elementor elementor-1593 elementor-1592\" data-elementor-post-type=\"page\">\n\t\t\t\t\t\t<section data-particle_enable=\"false\" data-particle-mobile-disabled=\"false\" class=\"elementor-section elementor-top-section elementor-element elementor-element-3c63e1d elementor-section-boxed elementor-section-height-default elementor-section-height-default\" data-id=\"3c63e1d\" data-element_type=\"section\" data-e-type=\"section\">\n\t\t\t\t\t\t<div class=\"elementor-container elementor-column-gap-default\">\n\t\t\t\t\t<div class=\"elementor-column elementor-col-100 elementor-top-column elementor-element elementor-element-61601af\" data-id=\"61601af\" data-element_type=\"column\" data-e-type=\"column\">\n\t\t\t<div class=\"elementor-widget-wrap elementor-element-populated\">\n\t\t\t\t\t\t<div class=\"elementor-element elementor-element-924c3ae elementor-widget elementor-widget-text-editor\" data-id=\"924c3ae\" data-element_type=\"widget\" data-e-type=\"widget\" data-widget_type=\"text-editor.default\">\n\t\t\t\t<div class=\"elementor-widget-container\">\n\t\t\t\t\t\t\t\t\t<p>Unser Team mit famili\u00e4rer Atmosph\u00e4re besteht aus professionellen Fahrern und einem aufmerksamen Verwaltungspersonal.<\/p><p>Es steht Ihnen gerne zur Verf\u00fcgung, um Ihre Fragen zu beantworten und Ihre Fahrten zu organisieren.<\/p><p>Auch die Nachfolge ist gesichert! \ud83d\ude09<\/p>\t\t\t\t\t\t\t\t<\/div>\n\t\t\t\t<\/div>\n\t\t\t\t<div class=\"elementor-element elementor-element-993e413 elementor-widget elementor-widget-gallery\" data-id=\"993e413\" data-element_type=\"widget\" data-e-type=\"widget\" data-settings=\"{&quot;gallery_layout&quot;:&quot;masonry&quot;,&quot;columns_tablet&quot;:3,&quot;columns_mobile&quot;:3,&quot;lazyload&quot;:&quot;yes&quot;,&quot;columns&quot;:4,&quot;gap&quot;:{&quot;unit&quot;:&quot;px&quot;,&quot;size&quot;:10,&quot;sizes&quot;:[]},&quot;gap_tablet&quot;:{&quot;unit&quot;:&quot;px&quot;,&quot;size&quot;:10,&quot;sizes&quot;:[]},&quot;gap_mobile&quot;:{&quot;unit&quot;:&quot;px&quot;,&quot;size&quot;:10,&quot;sizes&quot;:[]},&quot;link_to&quot;:&quot;file&quot;,&quot;overlay_background&quot;:&quot;yes&quot;,&quot;content_hover_animation&quot;:&quot;fade-in&quot;}\" data-widget_type=\"gallery.default\">\n\t\t\t\t<div class=\"elementor-widget-container\">\n\t\t\t\t\t\t\t\t<div class=\"elementor-gallery__titles-container e--pointer-none\" aria-label=\"Galeriefilter\">\n\t\t\t\t\n\t\t\t\t\t\t\t\t\t<a class=\"elementor-item elementor-gallery-title\" role=\"button\" tabindex=\"0\" data-gallery-index=\"0\">\n\t\t\t\t\t\tL'\u00e9quipe MiniBus Tours\t\t\t\t\t<\/a>\n\t\t\t\t\t\t\t\t<\/div>\n\t\t\t\t\t<div class=\"elementor-gallery__container\">\n\t\t\t\t\t\t\t<a class=\"e-gallery-item elementor-gallery-item elementor-animated-content\" data-e-gallery-tags=\"0\" href=\"https:\/\/minibustours.ch\/wp-content\/uploads\/2026\/04\/Manu.png\" data-elementor-open-lightbox=\"yes\" data-elementor-lightbox-slideshow=\"993e413\" data-elementor-lightbox-title=\"Manu\" data-e-action-hash=\"#elementor-action%3Aaction%3Dlightbox%26settings%3DeyJpZCI6MTYxNiwidXJsIjoiaHR0cHM6XC9cL21pbmlidXN0b3Vycy5jaFwvd3AtY29udGVudFwvdXBsb2Fkc1wvMjAyNlwvMDRcL01hbnUucG5nIiwic2xpZGVzaG93IjoiOTkzZTQxMyJ9\">\n\t\t\t\t\t<div class=\"e-gallery-image elementor-gallery-item__image\" data-thumbnail=\"https:\/\/minibustours.ch\/wp-content\/uploads\/2026\/04\/Manu-300x300.png\" data-width=\"300\" data-height=\"300\" aria-label=\"\" role=\"img\" ><\/div>\n\t\t\t\t\t\t\t\t\t\t\t<div class=\"elementor-gallery-item__overlay\"><\/div>\n\t\t\t\t\t\t\t\t\t\t\t\t\t\t<\/a>\n\t\t\t\t\t\t\t<a class=\"e-gallery-item elementor-gallery-item elementor-animated-content\" data-e-gallery-tags=\"0\" href=\"https:\/\/minibustours.ch\/wp-content\/uploads\/2026\/04\/Kael.png\" data-elementor-open-lightbox=\"yes\" data-elementor-lightbox-slideshow=\"993e413\" data-elementor-lightbox-title=\"Kael\" data-e-action-hash=\"#elementor-action%3Aaction%3Dlightbox%26settings%3DeyJpZCI6MTYxMiwidXJsIjoiaHR0cHM6XC9cL21pbmlidXN0b3Vycy5jaFwvd3AtY29udGVudFwvdXBsb2Fkc1wvMjAyNlwvMDRcL0thZWwucG5nIiwic2xpZGVzaG93IjoiOTkzZTQxMyJ9\">\n\t\t\t\t\t<div class=\"e-gallery-image elementor-gallery-item__image\" data-thumbnail=\"https:\/\/minibustours.ch\/wp-content\/uploads\/2026\/04\/Kael-300x300.png\" data-width=\"300\" data-height=\"300\" aria-label=\"\" role=\"img\" ><\/div>\n\t\t\t\t\t\t\t\t\t\t\t<div class=\"elementor-gallery-item__overlay\"><\/div>\n\t\t\t\t\t\t\t\t\t\t\t\t\t\t<\/a>\n\t\t\t\t\t\t\t<a class=\"e-gallery-item elementor-gallery-item elementor-animated-content\" data-e-gallery-tags=\"0\" href=\"https:\/\/minibustours.ch\/wp-content\/uploads\/2026\/04\/Malika.png\" data-elementor-open-lightbox=\"yes\" data-elementor-lightbox-slideshow=\"993e413\" data-elementor-lightbox-title=\"Malika\" data-e-action-hash=\"#elementor-action%3Aaction%3Dlightbox%26settings%3DeyJpZCI6MTYxNCwidXJsIjoiaHR0cHM6XC9cL21pbmlidXN0b3Vycy5jaFwvd3AtY29udGVudFwvdXBsb2Fkc1wvMjAyNlwvMDRcL01hbGlrYS5wbmciLCJzbGlkZXNob3ciOiI5OTNlNDEzIn0%3D\">\n\t\t\t\t\t<div class=\"e-gallery-image elementor-gallery-item__image\" data-thumbnail=\"https:\/\/minibustours.ch\/wp-content\/uploads\/2026\/04\/Malika-300x300.png\" data-width=\"300\" data-height=\"300\" aria-label=\"\" role=\"img\" ><\/div>\n\t\t\t\t\t\t\t\t\t\t\t<div class=\"elementor-gallery-item__overlay\"><\/div>\n\t\t\t\t\t\t\t\t\t\t\t\t\t\t<\/a>\n\t\t\t\t\t\t\t<a class=\"e-gallery-item elementor-gallery-item elementor-animated-content\" data-e-gallery-tags=\"0\" href=\"https:\/\/minibustours.ch\/wp-content\/uploads\/2026\/04\/Jacques.png\" data-elementor-open-lightbox=\"yes\" data-elementor-lightbox-slideshow=\"993e413\" data-elementor-lightbox-title=\"Jacques\" data-e-action-hash=\"#elementor-action%3Aaction%3Dlightbox%26settings%3DeyJpZCI6MTYwNiwidXJsIjoiaHR0cHM6XC9cL21pbmlidXN0b3Vycy5jaFwvd3AtY29udGVudFwvdXBsb2Fkc1wvMjAyNlwvMDRcL0phY3F1ZXMucG5nIiwic2xpZGVzaG93IjoiOTkzZTQxMyJ9\">\n\t\t\t\t\t<div class=\"e-gallery-image elementor-gallery-item__image\" data-thumbnail=\"https:\/\/minibustours.ch\/wp-content\/uploads\/2026\/04\/Jacques-300x300.png\" data-width=\"300\" data-height=\"300\" aria-label=\"\" role=\"img\" ><\/div>\n\t\t\t\t\t\t\t\t\t\t\t<div class=\"elementor-gallery-item__overlay\"><\/div>\n\t\t\t\t\t\t\t\t\t\t\t\t\t\t<\/a>\n\t\t\t\t\t\t\t<a class=\"e-gallery-item elementor-gallery-item elementor-animated-content\" data-e-gallery-tags=\"0\" href=\"https:\/\/minibustours.ch\/wp-content\/uploads\/2026\/04\/Fanny.png\" data-elementor-open-lightbox=\"yes\" data-elementor-lightbox-slideshow=\"993e413\" data-elementor-lightbox-title=\"Fanny\" data-e-action-hash=\"#elementor-action%3Aaction%3Dlightbox%26settings%3DeyJpZCI6MTYwNCwidXJsIjoiaHR0cHM6XC9cL21pbmlidXN0b3Vycy5jaFwvd3AtY29udGVudFwvdXBsb2Fkc1wvMjAyNlwvMDRcL0Zhbm55LnBuZyIsInNsaWRlc2hvdyI6Ijk5M2U0MTMifQ%3D%3D\">\n\t\t\t\t\t<div class=\"e-gallery-image elementor-gallery-item__image\" data-thumbnail=\"https:\/\/minibustours.ch\/wp-content\/uploads\/2026\/04\/Fanny-300x300.png\" data-width=\"300\" data-height=\"300\" aria-label=\"\" role=\"img\" ><\/div>\n\t\t\t\t\t\t\t\t\t\t\t<div class=\"elementor-gallery-item__overlay\"><\/div>\n\t\t\t\t\t\t\t\t\t\t\t\t\t\t<\/a>\n\t\t\t\t\t\t\t<a class=\"e-gallery-item elementor-gallery-item elementor-animated-content\" data-e-gallery-tags=\"0\" href=\"https:\/\/minibustours.ch\/wp-content\/uploads\/2026\/04\/Estela.png\" data-elementor-open-lightbox=\"yes\" data-elementor-lightbox-slideshow=\"993e413\" data-elementor-lightbox-title=\"Estela\" data-e-action-hash=\"#elementor-action%3Aaction%3Dlightbox%26settings%3DeyJpZCI6MTYwMiwidXJsIjoiaHR0cHM6XC9cL21pbmlidXN0b3Vycy5jaFwvd3AtY29udGVudFwvdXBsb2Fkc1wvMjAyNlwvMDRcL0VzdGVsYS5wbmciLCJzbGlkZXNob3ciOiI5OTNlNDEzIn0%3D\">\n\t\t\t\t\t<div class=\"e-gallery-image elementor-gallery-item__image\" data-thumbnail=\"https:\/\/minibustours.ch\/wp-content\/uploads\/2026\/04\/Estela-300x300.png\" data-width=\"300\" data-height=\"300\" aria-label=\"\" role=\"img\" ><\/div>\n\t\t\t\t\t\t\t\t\t\t\t<div class=\"elementor-gallery-item__overlay\"><\/div>\n\t\t\t\t\t\t\t\t\t\t\t\t\t\t<\/a>\n\t\t\t\t\t\t\t<a class=\"e-gallery-item elementor-gallery-item elementor-animated-content\" data-e-gallery-tags=\"0\" href=\"https:\/\/minibustours.ch\/wp-content\/uploads\/2026\/04\/Jenny.png\" data-elementor-open-lightbox=\"yes\" data-elementor-lightbox-slideshow=\"993e413\" data-elementor-lightbox-title=\"Jenny\" data-e-action-hash=\"#elementor-action%3Aaction%3Dlightbox%26settings%3DeyJpZCI6MTYxMCwidXJsIjoiaHR0cHM6XC9cL21pbmlidXN0b3Vycy5jaFwvd3AtY29udGVudFwvdXBsb2Fkc1wvMjAyNlwvMDRcL0plbm55LnBuZyIsInNsaWRlc2hvdyI6Ijk5M2U0MTMifQ%3D%3D\">\n\t\t\t\t\t<div class=\"e-gallery-image elementor-gallery-item__image\" data-thumbnail=\"https:\/\/minibustours.ch\/wp-content\/uploads\/2026\/04\/Jenny-300x300.png\" data-width=\"300\" data-height=\"300\" aria-label=\"\" role=\"img\" ><\/div>\n\t\t\t\t\t\t\t\t\t\t\t<div class=\"elementor-gallery-item__overlay\"><\/div>\n\t\t\t\t\t\t\t\t\t\t\t\t\t\t<\/a>\n\t\t\t\t\t\t\t<a class=\"e-gallery-item elementor-gallery-item elementor-animated-content\" data-e-gallery-tags=\"0\" href=\"https:\/\/minibustours.ch\/wp-content\/uploads\/2026\/04\/Morgane.png\" data-elementor-open-lightbox=\"yes\" data-elementor-lightbox-slideshow=\"993e413\" data-elementor-lightbox-title=\"Morgane\" data-e-action-hash=\"#elementor-action%3Aaction%3Dlightbox%26settings%3DeyJpZCI6MTYxOCwidXJsIjoiaHR0cHM6XC9cL21pbmlidXN0b3Vycy5jaFwvd3AtY29udGVudFwvdXBsb2Fkc1wvMjAyNlwvMDRcL01vcmdhbmUucG5nIiwic2xpZGVzaG93IjoiOTkzZTQxMyJ9\">\n\t\t\t\t\t<div class=\"e-gallery-image elementor-gallery-item__image\" data-thumbnail=\"https:\/\/minibustours.ch\/wp-content\/uploads\/2026\/04\/Morgane-300x300.png\" data-width=\"300\" data-height=\"300\" aria-label=\"\" role=\"img\" ><\/div>\n\t\t\t\t\t\t\t\t\t\t\t<div class=\"elementor-gallery-item__overlay\"><\/div>\n\t\t\t\t\t\t\t\t\t\t\t\t\t\t<\/a>\n\t\t\t\t\t\t\t<a class=\"e-gallery-item elementor-gallery-item elementor-animated-content\" data-e-gallery-tags=\"0\" href=\"https:\/\/minibustours.ch\/wp-content\/uploads\/2026\/04\/Damien.png\" data-elementor-open-lightbox=\"yes\" data-elementor-lightbox-slideshow=\"993e413\" data-elementor-lightbox-title=\"Damien\" data-e-action-hash=\"#elementor-action%3Aaction%3Dlightbox%26settings%3DeyJpZCI6MTYwMCwidXJsIjoiaHR0cHM6XC9cL21pbmlidXN0b3Vycy5jaFwvd3AtY29udGVudFwvdXBsb2Fkc1wvMjAyNlwvMDRcL0RhbWllbi5wbmciLCJzbGlkZXNob3ciOiI5OTNlNDEzIn0%3D\">\n\t\t\t\t\t<div class=\"e-gallery-image elementor-gallery-item__image\" data-thumbnail=\"https:\/\/minibustours.ch\/wp-content\/uploads\/2026\/04\/Damien-300x300.png\" data-width=\"300\" data-height=\"300\" aria-label=\"\" role=\"img\" ><\/div>\n\t\t\t\t\t\t\t\t\t\t\t<div class=\"elementor-gallery-item__overlay\"><\/div>\n\t\t\t\t\t\t\t\t\t\t\t\t\t\t<\/a>\n\t\t\t\t\t\t\t<a class=\"e-gallery-item elementor-gallery-item elementor-animated-content\" data-e-gallery-tags=\"0\" href=\"https:\/\/minibustours.ch\/wp-content\/uploads\/2026\/04\/Arturo.png\" data-elementor-open-lightbox=\"yes\" data-elementor-lightbox-slideshow=\"993e413\" data-elementor-lightbox-title=\"Arturo\" data-e-action-hash=\"#elementor-action%3Aaction%3Dlightbox%26settings%3DeyJpZCI6MTU5NiwidXJsIjoiaHR0cHM6XC9cL21pbmlidXN0b3Vycy5jaFwvd3AtY29udGVudFwvdXBsb2Fkc1wvMjAyNlwvMDRcL0FydHVyby5wbmciLCJzbGlkZXNob3ciOiI5OTNlNDEzIn0%3D\">\n\t\t\t\t\t<div class=\"e-gallery-image elementor-gallery-item__image\" data-thumbnail=\"https:\/\/minibustours.ch\/wp-content\/uploads\/2026\/04\/Arturo-300x300.png\" data-width=\"300\" data-height=\"300\" aria-label=\"\" role=\"img\" ><\/div>\n\t\t\t\t\t\t\t\t\t\t\t<div class=\"elementor-gallery-item__overlay\"><\/div>\n\t\t\t\t\t\t\t\t\t\t\t\t\t\t<\/a>\n\t\t\t\t\t\t\t<a class=\"e-gallery-item elementor-gallery-item elementor-animated-content\" data-e-gallery-tags=\"0\" href=\"https:\/\/minibustours.ch\/wp-content\/uploads\/2026\/04\/Cyrill.png\" data-elementor-open-lightbox=\"yes\" data-elementor-lightbox-slideshow=\"993e413\" data-elementor-lightbox-title=\"Cyrill\" data-e-action-hash=\"#elementor-action%3Aaction%3Dlightbox%26settings%3DeyJpZCI6MTU5OCwidXJsIjoiaHR0cHM6XC9cL21pbmlidXN0b3Vycy5jaFwvd3AtY29udGVudFwvdXBsb2Fkc1wvMjAyNlwvMDRcL0N5cmlsbC5wbmciLCJzbGlkZXNob3ciOiI5OTNlNDEzIn0%3D\">\n\t\t\t\t\t<div class=\"e-gallery-image elementor-gallery-item__image\" data-thumbnail=\"https:\/\/minibustours.ch\/wp-content\/uploads\/2026\/04\/Cyrill-300x300.png\" data-width=\"300\" data-height=\"300\" aria-label=\"\" role=\"img\" ><\/div>\n\t\t\t\t\t\t\t\t\t\t\t<div class=\"elementor-gallery-item__overlay\"><\/div>\n\t\t\t\t\t\t\t\t\t\t\t\t\t\t<\/a>\n\t\t\t\t\t\t\t<a class=\"e-gallery-item elementor-gallery-item elementor-animated-content\" data-e-gallery-tags=\"0\" href=\"https:\/\/minibustours.ch\/wp-content\/uploads\/2026\/04\/Jean-Pierre.png\" data-elementor-open-lightbox=\"yes\" data-elementor-lightbox-slideshow=\"993e413\" data-elementor-lightbox-title=\"Jean-Pierre\" data-e-action-hash=\"#elementor-action%3Aaction%3Dlightbox%26settings%3DeyJpZCI6MTYwOCwidXJsIjoiaHR0cHM6XC9cL21pbmlidXN0b3Vycy5jaFwvd3AtY29udGVudFwvdXBsb2Fkc1wvMjAyNlwvMDRcL0plYW4tUGllcnJlLnBuZyIsInNsaWRlc2hvdyI6Ijk5M2U0MTMifQ%3D%3D\">\n\t\t\t\t\t<div class=\"e-gallery-image elementor-gallery-item__image\" data-thumbnail=\"https:\/\/minibustours.ch\/wp-content\/uploads\/2026\/04\/Jean-Pierre-300x300.png\" data-width=\"300\" data-height=\"300\" aria-label=\"\" role=\"img\" ><\/div>\n\t\t\t\t\t\t\t\t\t\t\t<div class=\"elementor-gallery-item__overlay\"><\/div>\n\t\t\t\t\t\t\t\t\t\t\t\t\t\t<\/a>\n\t\t\t\t\t<\/div>\n\t\t\t\t\t<\/div>\n\t\t\t\t<\/div>\n\t\t\t\t\t<\/div>\n\t\t<\/div>\n\t\t\t\t\t<\/div>\n\t\t<\/section>\n\t\t\t\t<\/div>\n\t\t","protected":false},"excerpt":{"rendered":"<p>Unser Team mit famili\u00e4rer Atmosph\u00e4re besteht aus professionellen Fahrern und einem aufmerksamen Verwaltungspersonal. Es steht Ihnen gerne zur Verf\u00fcgung, um Ihre Fragen zu beantworten und Ihre Fahrten zu organisieren. Auch die Nachfolge ist gesichert! \ud83d\ude09 L&#8217;\u00e9quipe MiniBus Tours<\/p>\n","protected":false},"author":3,"featured_media":1849,"parent":0,"menu_order":0,"comment_status":"closed","ping_status":"closed","template":"","meta":{"inline_featured_image":false,"footnotes":""},"class_list":["post-1593","page","type-page","status-publish","has-post-thumbnail","hentry"],"_links":{"self":[{"href":"https:\/\/minibustours.ch\/de\/wp-json\/wp\/v2\/pages\/1593","targetHints":{"allow":["GET"]}}],"collection":[{"href":"https:\/\/minibustours.ch\/de\/wp-json\/wp\/v2\/pages"}],"about":[{"href":"https:\/\/minibustours.ch\/de\/wp-json\/wp\/v2\/types\/page"}],"author":[{"embeddable":true,"href":"https:\/\/minibustours.ch\/de\/wp-json\/wp\/v2\/users\/3"}],"replies":[{"embeddable":true,"href":"https:\/\/minibustours.ch\/de\/wp-json\/wp\/v2\/comments?post=1593"}],"version-history":[{"count":23,"href":"https:\/\/minibustours.ch\/de\/wp-json\/wp\/v2\/pages\/1593\/revisions"}],"predecessor-version":[{"id":2031,"href":"https:\/\/minibustours.ch\/de\/wp-json\/wp\/v2\/pages\/1593\/revisions\/2031"}],"wp:featuredmedia":[{"embeddable":true,"href":"https:\/\/minibustours.ch\/de\/wp-json\/wp\/v2\/media\/1849"}],"wp:attachment":[{"href":"https:\/\/minibustours.ch\/de\/wp-json\/wp\/v2\/media?parent=1593"}],"curies":[{"name":"wp","href":"https:\/\/api.w.org\/{rel}","templated":true}]}}